{"id":4602,"date":"2022-03-21T15:32:46","date_gmt":"2022-03-21T20:32:46","guid":{"rendered":"https:\/\/groupemitchell.com\/invest-with-us\/"},"modified":"2023-12-18T12:08:31","modified_gmt":"2023-12-18T17:08:31","slug":"investissez-avec-nous","status":"publish","type":"page","link":"https:\/\/groupemitchell.com\/fr\/investissez-avec-nous\/","title":{"rendered":"Investissez avec nous"},"content":{"rendered":"<h2><span style=\"font-weight: 400;\">Bienvenue chez Groupe Mitchell \u2013 Votre passerelle vers des opportunit\u00e9s d&rsquo;investissement immobilier de premier ordre\u00a0!<\/span><\/h2>\n<h3><span style=\"font-weight: 400;\">\ud83c\udfe2 D\u00e9bloquez plus de 30 ans d&rsquo;expertise dans les domaines commercial, multifamilial et plus encore\u00a0!<\/span><\/h3>\n<p><span style=\"font-weight: 400;\">\u00cates-vous pr\u00eat \u00e0 \u00e9lever votre niveau d\u2019investissement immobilier\u00a0? Cherchez pas plus loin! Mitchell Group vous apporte une exp\u00e9rience in\u00e9gal\u00e9e s&rsquo;\u00e9talant sur plus de trois d\u00e9cennies dans le monde dynamique de l&rsquo;immobilier. Nos professionnels chevronn\u00e9s ma\u00eetrisent l\u2019art de naviguer sur un march\u00e9 en constante \u00e9volution, se sp\u00e9cialisant dans les cat\u00e9gories immobili\u00e8res commerciales, multifamiliales et diverses autres cat\u00e9gories.<\/span><\/p>\n<h3><span style=\"font-weight: 400;\">\ud83c\udf1f Pourquoi choisir Mitchell Group pour votre prochain investissement ?<\/span><\/h3>\n<p><span style=\"font-weight: 400;\">\u2705 Expertise \u00e9prouv\u00e9e\u00a0: avec plus de 30\u00a0ans d&rsquo;exp\u00e9rience pratique, nous avons perfectionn\u00e9 nos comp\u00e9tences pour identifier les opportunit\u00e9s d&rsquo;investissement lucratives que d&rsquo;autres pourraient manquer. Faites confiance \u00e0 notre exp\u00e9rience en mati\u00e8re de r\u00e9ussite\u00a0!<\/span><\/p>\n<p><span style=\"font-weight: 400;\">\u2705 Offres exclusives\u00a0: prenez le dessus sur le march\u00e9 concurrentiel\u00a0! Mitchell Group veille \u00e0 ce que vous ayez acc\u00e8s aux meilleures offres immobili\u00e8res avant qu&rsquo;elles ne soient diffus\u00e9es sur le march\u00e9 grand public. Saisissez l\u2019opportunit\u00e9 et gardez une longueur d\u2019avance sur la concurrence.<\/span><\/p>\n<p><span style=\"font-weight: 400;\">\u2705 R\u00e9seau d&rsquo;investisseurs \u00e9tendu\u00a0: rejoignez une communaut\u00e9 florissante d&rsquo;investisseurs immobiliers qui se sont associ\u00e9s \u00e0 nous au fil des ann\u00e9es. Notre vaste r\u00e9seau ouvre les portes \u00e0 des opportunit\u00e9s uniques et \u00e0 des relations pr\u00e9cieuses, ouvrant la voie \u00e0 votre r\u00e9ussite.<\/span><\/p>\n<h3><span style=\"font-weight: 400;\">\ud83c\udf0d Investissez en toute confiance, quel que soit votre emplacement\u00a0!<\/span><\/h3>\n<p><span style=\"font-weight: 400;\">Les investisseurs du monde entier, y compris les particuliers de l&rsquo;ext\u00e9rieur du pays et de la province, sont les bienvenus. Chez Groupe Mitchell, nous comprenons les complexit\u00e9s du paysage immobilier local du Qu\u00e9bec. Permettez-nous de vous guider \u00e0 travers les subtilit\u00e9s et de vous fournir les connaissances n\u00e9cessaires pour prendre des d\u00e9cisions \u00e9clair\u00e9es.<\/span><\/p>\n<h3><span style=\"font-weight: 400;\">\ud83d\udd0d Naviguer facilement dans les lois immobili\u00e8res du Qu\u00e9bec\u00a0:<\/span><\/h3>\n<p><span style=\"font-weight: 400;\">Vous vous inqui\u00e9tez des nuances juridiques du march\u00e9 immobilier qu\u00e9b\u00e9cois? Notre \u00e9quipe conna\u00eet bien les lois et r\u00e9glementations locales, garantissant une exp\u00e9rience fluide \u00e0 nos clients. Nous sommes l\u00e0 pour vous \u00e9duquer et vous responsabiliser, afin que votre parcours d&rsquo;investissement dans la r\u00e9gion du Grand Montr\u00e9al soit \u00e0 la fois r\u00e9ussi et sans stress.<\/span><\/p>\n<h3><span style=\"font-weight: 400;\">\ud83c\udf10 Vos objectifs immobiliers, notre priorit\u00e9 :<\/span><\/h3>\n<p><span style=\"font-weight: 400;\">Que vous soyez un investisseur chevronn\u00e9 ou tout juste d\u00e9butant, Mitchell Group s&rsquo;engage \u00e0 vous aider \u00e0 atteindre vos objectifs immobiliers. De l\u2019identification de l\u2019immeuble de placement id\u00e9al \u00e0 la maximisation des rendements, notre \u00e9quipe d\u00e9di\u00e9e est l\u00e0 pour vous accompagner \u00e0 chaque \u00e9tape du processus.<\/span><\/p>\n<h3><span style=\"font-weight: 400;\">\ud83d\udcc8 Pr\u00eat \u00e0 \u00e9lever votre portefeuille immobilier ? Faire le premier pas!<\/span><\/h3>\n<p><span style=\"font-weight: 400;\">Ne manquez pas la prochaine grande opportunit\u00e9 ! Joignez-vous \u00e0 Mitchell Group, o\u00f9 l\u2019expertise rencontre l\u2019excellence. Fournissez-nous vos coordonn\u00e9es et embarquons pour un voyage vers un succ\u00e8s immobilier sans pr\u00e9c\u00e9dent dans la vibrante r\u00e9gion du Grand Montr\u00e9al.<\/span><\/p>\n","protected":false},"excerpt":{"rendered":"<p>Bienvenue chez Groupe Mitchell \u2013 Votre passerelle vers des opportunit\u00e9s d&rsquo;investissement immobilier de premier ordre\u00a0! \ud83c\udfe2 D\u00e9bloquez plus de 30 ans d&rsquo;expertise dans les domaines commercial, multifamilial et plus encore\u00a0! \u00cates-vous pr\u00eat \u00e0 \u00e9lever votre niveau d\u2019investissement immobilier\u00a0? Cherchez pas plus loin! Mitchell Group vous apporte une exp\u00e9rience in\u00e9gal\u00e9e s&rsquo;\u00e9talant sur plus de trois d\u00e9cennies [&hellip;]<\/p>\n","protected":false},"author":6,"featured_media":3711,"parent":0,"menu_order":0,"comment_status":"closed","ping_status":"closed","template":"template-invest.php","meta":{"_acf_changed":false,"footnotes":""},"class_list":["post-4602","page","type-page","status-publish","has-post-thumbnail","hentry"],"acf":[],"yoast_head":"<!-- This site is optimized with the Yoast SEO plugin v26.2 - https:\/\/yoast.com\/wordpress\/plugins\/seo\/ -->\n<title>Investissez avec nous | Mitchell Group | Agence Immobili\u00e8re l\u2019Ouest de l&#039;\u00cele Montr\u00e9al<\/title>\n<meta name=\"robots\" content=\"index, follow, max-snippet:-1, max-image-preview:large, max-video-preview:-1\" \/>\n<link rel=\"canonical\" href=\"https:\/\/groupemitchell.com\/fr\/investissez-avec-nous\/\" \/>\n<meta property=\"og:locale\" content=\"fr_FR\" \/>\n<meta property=\"og:type\" content=\"article\" \/>\n<meta property=\"og:title\" content=\"Investissez avec nous | Mitchell Group | Agence Immobili\u00e8re l\u2019Ouest de l&#039;\u00cele Montr\u00e9al\" \/>\n<meta property=\"og:description\" content=\"Bienvenue chez Groupe Mitchell \u2013 Votre passerelle vers des opportunit\u00e9s d&rsquo;investissement immobilier de premier ordre\u00a0! \ud83c\udfe2 D\u00e9bloquez plus de 30 ans d&rsquo;expertise dans les domaines commercial, multifamilial et plus encore\u00a0! \u00cates-vous pr\u00eat \u00e0 \u00e9lever votre niveau d\u2019investissement immobilier\u00a0? Cherchez pas plus loin! Mitchell Group vous apporte une exp\u00e9rience in\u00e9gal\u00e9e s&rsquo;\u00e9talant sur plus de trois d\u00e9cennies [&hellip;]\" \/>\n<meta property=\"og:url\" content=\"https:\/\/groupemitchell.com\/fr\/investissez-avec-nous\/\" \/>\n<meta property=\"og:site_name\" content=\"Mitchell Group\" \/>\n<meta property=\"article:modified_time\" content=\"2023-12-18T17:08:31+00:00\" \/>\n<meta property=\"og:image\" content=\"https:\/\/mwdemos.ca\/mitchell\/wp-content\/uploads\/2022\/03\/montreal.jpg\" \/>\n\t<meta property=\"og:image:width\" content=\"1490\" \/>\n\t<meta property=\"og:image:height\" content=\"730\" \/>\n\t<meta property=\"og:image:type\" content=\"image\/jpeg\" \/>\n<meta name=\"twitter:card\" content=\"summary_large_image\" \/>\n<meta name=\"twitter:label1\" content=\"Dur\u00e9e de lecture estim\u00e9e\" \/>\n\t<meta name=\"twitter:data1\" content=\"3 minutes\" \/>\n<script type=\"application\/ld+json\" class=\"yoast-schema-graph\">{\"@context\":\"https:\/\/schema.org\",\"@graph\":[{\"@type\":\"WebPage\",\"@id\":\"https:\/\/groupemitchell.com\/fr\/investissez-avec-nous\/\",\"url\":\"https:\/\/groupemitchell.com\/fr\/investissez-avec-nous\/\",\"name\":\"Investissez avec nous | Mitchell Group | Agence Immobili\u00e8re l\u2019Ouest de l&#039;\u00cele Montr\u00e9al\",\"isPartOf\":{\"@id\":\"https:\/\/groupemitchell.com\/fr\/#website\"},\"primaryImageOfPage\":{\"@id\":\"https:\/\/groupemitchell.com\/fr\/investissez-avec-nous\/#primaryimage\"},\"image\":{\"@id\":\"https:\/\/groupemitchell.com\/fr\/investissez-avec-nous\/#primaryimage\"},\"thumbnailUrl\":\"https:\/\/groupemitchell.com\/wp-content\/uploads\/2022\/03\/montreal.jpg\",\"datePublished\":\"2022-03-21T20:32:46+00:00\",\"dateModified\":\"2023-12-18T17:08:31+00:00\",\"inLanguage\":\"fr-FR\",\"potentialAction\":[{\"@type\":\"ReadAction\",\"target\":[\"https:\/\/groupemitchell.com\/fr\/investissez-avec-nous\/\"]}]},{\"@type\":\"ImageObject\",\"inLanguage\":\"fr-FR\",\"@id\":\"https:\/\/groupemitchell.com\/fr\/investissez-avec-nous\/#primaryimage\",\"url\":\"https:\/\/groupemitchell.com\/wp-content\/uploads\/2022\/03\/montreal.jpg\",\"contentUrl\":\"https:\/\/groupemitchell.com\/wp-content\/uploads\/2022\/03\/montreal.jpg\",\"width\":1490,\"height\":730},{\"@type\":\"WebSite\",\"@id\":\"https:\/\/groupemitchell.com\/fr\/#website\",\"url\":\"https:\/\/groupemitchell.com\/fr\/\",\"name\":\"Mitchell Group\",\"description\":\"Agence Immobili\u00e8re l\u2019Ouest de l&#039;\u00cele Montr\u00e9al\",\"potentialAction\":[{\"@type\":\"SearchAction\",\"target\":{\"@type\":\"EntryPoint\",\"urlTemplate\":\"https:\/\/groupemitchell.com\/fr\/?s={search_term_string}\"},\"query-input\":{\"@type\":\"PropertyValueSpecification\",\"valueRequired\":true,\"valueName\":\"search_term_string\"}}],\"inLanguage\":\"fr-FR\"}]}<\/script>\n<!-- \/ Yoast SEO plugin. -->","yoast_head_json":{"title":"Investissez avec nous | Mitchell Group | Agence Immobili\u00e8re l\u2019Ouest de l&#039;\u00cele Montr\u00e9al","robots":{"index":"index","follow":"follow","max-snippet":"max-snippet:-1","max-image-preview":"max-image-preview:large","max-video-preview":"max-video-preview:-1"},"canonical":"https:\/\/groupemitchell.com\/fr\/investissez-avec-nous\/","og_locale":"fr_FR","og_type":"article","og_title":"Investissez avec nous | Mitchell Group | Agence Immobili\u00e8re l\u2019Ouest de l&#039;\u00cele Montr\u00e9al","og_description":"Bienvenue chez Groupe Mitchell \u2013 Votre passerelle vers des opportunit\u00e9s d&rsquo;investissement immobilier de premier ordre\u00a0! \ud83c\udfe2 D\u00e9bloquez plus de 30 ans d&rsquo;expertise dans les domaines commercial, multifamilial et plus encore\u00a0! \u00cates-vous pr\u00eat \u00e0 \u00e9lever votre niveau d\u2019investissement immobilier\u00a0? Cherchez pas plus loin! Mitchell Group vous apporte une exp\u00e9rience in\u00e9gal\u00e9e s&rsquo;\u00e9talant sur plus de trois d\u00e9cennies [&hellip;]","og_url":"https:\/\/groupemitchell.com\/fr\/investissez-avec-nous\/","og_site_name":"Mitchell Group","article_modified_time":"2023-12-18T17:08:31+00:00","og_image":[{"width":1490,"height":730,"url":"https:\/\/mwdemos.ca\/mitchell\/wp-content\/uploads\/2022\/03\/montreal.jpg","type":"image\/jpeg"}],"twitter_card":"summary_large_image","twitter_misc":{"Dur\u00e9e de lecture estim\u00e9e":"3 minutes"},"schema":{"@context":"https:\/\/schema.org","@graph":[{"@type":"WebPage","@id":"https:\/\/groupemitchell.com\/fr\/investissez-avec-nous\/","url":"https:\/\/groupemitchell.com\/fr\/investissez-avec-nous\/","name":"Investissez avec nous | Mitchell Group | Agence Immobili\u00e8re l\u2019Ouest de l&#039;\u00cele Montr\u00e9al","isPartOf":{"@id":"https:\/\/groupemitchell.com\/fr\/#website"},"primaryImageOfPage":{"@id":"https:\/\/groupemitchell.com\/fr\/investissez-avec-nous\/#primaryimage"},"image":{"@id":"https:\/\/groupemitchell.com\/fr\/investissez-avec-nous\/#primaryimage"},"thumbnailUrl":"https:\/\/groupemitchell.com\/wp-content\/uploads\/2022\/03\/montreal.jpg","datePublished":"2022-03-21T20:32:46+00:00","dateModified":"2023-12-18T17:08:31+00:00","inLanguage":"fr-FR","potentialAction":[{"@type":"ReadAction","target":["https:\/\/groupemitchell.com\/fr\/investissez-avec-nous\/"]}]},{"@type":"ImageObject","inLanguage":"fr-FR","@id":"https:\/\/groupemitchell.com\/fr\/investissez-avec-nous\/#primaryimage","url":"https:\/\/groupemitchell.com\/wp-content\/uploads\/2022\/03\/montreal.jpg","contentUrl":"https:\/\/groupemitchell.com\/wp-content\/uploads\/2022\/03\/montreal.jpg","width":1490,"height":730},{"@type":"WebSite","@id":"https:\/\/groupemitchell.com\/fr\/#website","url":"https:\/\/groupemitchell.com\/fr\/","name":"Mitchell Group","description":"Agence Immobili\u00e8re l\u2019Ouest de l&#039;\u00cele Montr\u00e9al","potentialAction":[{"@type":"SearchAction","target":{"@type":"EntryPoint","urlTemplate":"https:\/\/groupemitchell.com\/fr\/?s={search_term_string}"},"query-input":{"@type":"PropertyValueSpecification","valueRequired":true,"valueName":"search_term_string"}}],"inLanguage":"fr-FR"}]}},"_links":{"self":[{"href":"https:\/\/groupemitchell.com\/fr\/wp-json\/wp\/v2\/pages\/4602","targetHints":{"allow":["GET"]}}],"collection":[{"href":"https:\/\/groupemitchell.com\/fr\/wp-json\/wp\/v2\/pages"}],"about":[{"href":"https:\/\/groupemitchell.com\/fr\/wp-json\/wp\/v2\/types\/page"}],"author":[{"embeddable":true,"href":"https:\/\/groupemitchell.com\/fr\/wp-json\/wp\/v2\/users\/6"}],"replies":[{"embeddable":true,"href":"https:\/\/groupemitchell.com\/fr\/wp-json\/wp\/v2\/comments?post=4602"}],"version-history":[{"count":2,"href":"https:\/\/groupemitchell.com\/fr\/wp-json\/wp\/v2\/pages\/4602\/revisions"}],"predecessor-version":[{"id":4604,"href":"https:\/\/groupemitchell.com\/fr\/wp-json\/wp\/v2\/pages\/4602\/revisions\/4604"}],"wp:featuredmedia":[{"embeddable":true,"href":"https:\/\/groupemitchell.com\/fr\/wp-json\/wp\/v2\/media\/3711"}],"wp:attachment":[{"href":"https:\/\/groupemitchell.com\/fr\/wp-json\/wp\/v2\/media?parent=4602"}],"curies":[{"name":"wp","href":"https:\/\/api.w.org\/{rel}","templated":true}]}}