{"id":4606,"date":"2019-11-21T20:47:37","date_gmt":"2019-11-22T01:47:37","guid":{"rendered":"https:\/\/groupemitchell.com\/buy-with-us\/"},"modified":"2024-06-03T10:49:59","modified_gmt":"2024-06-03T15:49:59","slug":"achetez-avec-nous","status":"publish","type":"page","link":"https:\/\/groupemitchell.com\/fr\/achetez-avec-nous\/","title":{"rendered":"Achetez avec nous"},"content":{"rendered":"<p>Le Groupe Mitchell est votre alli\u00e9 de confiance dans le monde de l\u2019immobilier et nous sommes extr\u00eamement fiers de guider les acheteurs dans ce qui constitue souvent la plus grosse transaction de leur vie. Avec un m\u00e9lange parfait d\u2019exp\u00e9rience, de savoir-faire du secteur et d\u2019\u00e9nergie juv\u00e9nile, nous apportons une nouvelle perspective au march\u00e9 immobilier. Notre vaste r\u00e9seau de fournisseurs et de professionnels garantit que chaque \u00e9tape de votre parcours immobilier se d\u00e9roule sans heurts et sans tracas. Nous comprenons que la confiance est le fondement de notre relation avec nos clients et nous travaillons avec diligence pour gagner et maintenir cette confiance. De la recherche m\u00e9ticuleuse des propri\u00e9t\u00e9s \u00e0 la n\u00e9gociation des meilleures offres et \u00e0 la gestion de tous les documents n\u00e9cessaires, le groupe Mitchell s&rsquo;engage \u00e0 faire de la maison de vos r\u00eaves une r\u00e9alit\u00e9. Votre satisfaction est notre objectif ultime et nous sommes l\u00e0 pour vous accompagner \u00e0 chaque \u00e9tape du processus.<\/p>\n","protected":false},"excerpt":{"rendered":"<p>Le Groupe Mitchell est votre alli\u00e9 de confiance dans le monde de l\u2019immobilier et nous sommes extr\u00eamement fiers de guider les acheteurs dans ce qui constitue souvent la plus grosse transaction de leur vie. Avec un m\u00e9lange parfait d\u2019exp\u00e9rience, de savoir-faire du secteur et d\u2019\u00e9nergie juv\u00e9nile, nous apportons une nouvelle perspective au march\u00e9 immobilier. Notre [&hellip;]<\/p>\n","protected":false},"author":6,"featured_media":3699,"parent":0,"menu_order":0,"comment_status":"closed","ping_status":"closed","template":"template-buy.php","meta":{"_acf_changed":false,"footnotes":""},"class_list":["post-4606","page","type-page","status-publish","has-post-thumbnail","hentry"],"acf":[],"yoast_head":"<!-- This site is optimized with the Yoast SEO plugin v26.2 - https:\/\/yoast.com\/wordpress\/plugins\/seo\/ -->\n<title>Achetez avec nous | Mitchell Group | Agence Immobili\u00e8re l\u2019Ouest de l&#039;\u00cele Montr\u00e9al<\/title>\n<meta name=\"robots\" content=\"index, follow, max-snippet:-1, max-image-preview:large, max-video-preview:-1\" \/>\n<link rel=\"canonical\" href=\"https:\/\/groupemitchell.com\/fr\/achetez-avec-nous\/\" \/>\n<meta property=\"og:locale\" content=\"fr_FR\" \/>\n<meta property=\"og:type\" content=\"article\" \/>\n<meta property=\"og:title\" content=\"Achetez avec nous | Mitchell Group | Agence Immobili\u00e8re l\u2019Ouest de l&#039;\u00cele Montr\u00e9al\" \/>\n<meta property=\"og:description\" content=\"Le Groupe Mitchell est votre alli\u00e9 de confiance dans le monde de l\u2019immobilier et nous sommes extr\u00eamement fiers de guider les acheteurs dans ce qui constitue souvent la plus grosse transaction de leur vie. Avec un m\u00e9lange parfait d\u2019exp\u00e9rience, de savoir-faire du secteur et d\u2019\u00e9nergie juv\u00e9nile, nous apportons une nouvelle perspective au march\u00e9 immobilier. Notre [&hellip;]\" \/>\n<meta property=\"og:url\" content=\"https:\/\/groupemitchell.com\/fr\/achetez-avec-nous\/\" \/>\n<meta property=\"og:site_name\" content=\"Mitchell Group\" \/>\n<meta property=\"article:modified_time\" content=\"2024-06-03T15:49:59+00:00\" \/>\n<meta property=\"og:image\" content=\"https:\/\/mwdemos.ca\/mitchell\/wp-content\/uploads\/2022\/03\/winter.jpg\" \/>\n\t<meta property=\"og:image:width\" content=\"2000\" \/>\n\t<meta property=\"og:image:height\" content=\"1312\" \/>\n\t<meta property=\"og:image:type\" content=\"image\/jpeg\" \/>\n<meta name=\"twitter:card\" content=\"summary_large_image\" \/>\n<meta name=\"twitter:label1\" content=\"Dur\u00e9e de lecture estim\u00e9e\" \/>\n\t<meta name=\"twitter:data1\" content=\"1 minute\" \/>\n<script type=\"application\/ld+json\" class=\"yoast-schema-graph\">{\"@context\":\"https:\/\/schema.org\",\"@graph\":[{\"@type\":\"WebPage\",\"@id\":\"https:\/\/groupemitchell.com\/fr\/achetez-avec-nous\/\",\"url\":\"https:\/\/groupemitchell.com\/fr\/achetez-avec-nous\/\",\"name\":\"Achetez avec nous | Mitchell Group | Agence Immobili\u00e8re l\u2019Ouest de l&#039;\u00cele Montr\u00e9al\",\"isPartOf\":{\"@id\":\"https:\/\/groupemitchell.com\/fr\/#website\"},\"primaryImageOfPage\":{\"@id\":\"https:\/\/groupemitchell.com\/fr\/achetez-avec-nous\/#primaryimage\"},\"image\":{\"@id\":\"https:\/\/groupemitchell.com\/fr\/achetez-avec-nous\/#primaryimage\"},\"thumbnailUrl\":\"https:\/\/groupemitchell.com\/wp-content\/uploads\/2022\/03\/winter.jpg\",\"datePublished\":\"2019-11-22T01:47:37+00:00\",\"dateModified\":\"2024-06-03T15:49:59+00:00\",\"inLanguage\":\"fr-FR\",\"potentialAction\":[{\"@type\":\"ReadAction\",\"target\":[\"https:\/\/groupemitchell.com\/fr\/achetez-avec-nous\/\"]}]},{\"@type\":\"ImageObject\",\"inLanguage\":\"fr-FR\",\"@id\":\"https:\/\/groupemitchell.com\/fr\/achetez-avec-nous\/#primaryimage\",\"url\":\"https:\/\/groupemitchell.com\/wp-content\/uploads\/2022\/03\/winter.jpg\",\"contentUrl\":\"https:\/\/groupemitchell.com\/wp-content\/uploads\/2022\/03\/winter.jpg\",\"width\":2000,\"height\":1312},{\"@type\":\"WebSite\",\"@id\":\"https:\/\/groupemitchell.com\/fr\/#website\",\"url\":\"https:\/\/groupemitchell.com\/fr\/\",\"name\":\"Mitchell Group\",\"description\":\"Agence Immobili\u00e8re l\u2019Ouest de l&#039;\u00cele Montr\u00e9al\",\"potentialAction\":[{\"@type\":\"SearchAction\",\"target\":{\"@type\":\"EntryPoint\",\"urlTemplate\":\"https:\/\/groupemitchell.com\/fr\/?s={search_term_string}\"},\"query-input\":{\"@type\":\"PropertyValueSpecification\",\"valueRequired\":true,\"valueName\":\"search_term_string\"}}],\"inLanguage\":\"fr-FR\"}]}<\/script>\n<!-- \/ Yoast SEO plugin. -->","yoast_head_json":{"title":"Achetez avec nous | Mitchell Group | Agence Immobili\u00e8re l\u2019Ouest de l&#039;\u00cele Montr\u00e9al","robots":{"index":"index","follow":"follow","max-snippet":"max-snippet:-1","max-image-preview":"max-image-preview:large","max-video-preview":"max-video-preview:-1"},"canonical":"https:\/\/groupemitchell.com\/fr\/achetez-avec-nous\/","og_locale":"fr_FR","og_type":"article","og_title":"Achetez avec nous | Mitchell Group | Agence Immobili\u00e8re l\u2019Ouest de l&#039;\u00cele Montr\u00e9al","og_description":"Le Groupe Mitchell est votre alli\u00e9 de confiance dans le monde de l\u2019immobilier et nous sommes extr\u00eamement fiers de guider les acheteurs dans ce qui constitue souvent la plus grosse transaction de leur vie. Avec un m\u00e9lange parfait d\u2019exp\u00e9rience, de savoir-faire du secteur et d\u2019\u00e9nergie juv\u00e9nile, nous apportons une nouvelle perspective au march\u00e9 immobilier. Notre [&hellip;]","og_url":"https:\/\/groupemitchell.com\/fr\/achetez-avec-nous\/","og_site_name":"Mitchell Group","article_modified_time":"2024-06-03T15:49:59+00:00","og_image":[{"width":2000,"height":1312,"url":"https:\/\/mwdemos.ca\/mitchell\/wp-content\/uploads\/2022\/03\/winter.jpg","type":"image\/jpeg"}],"twitter_card":"summary_large_image","twitter_misc":{"Dur\u00e9e de lecture estim\u00e9e":"1 minute"},"schema":{"@context":"https:\/\/schema.org","@graph":[{"@type":"WebPage","@id":"https:\/\/groupemitchell.com\/fr\/achetez-avec-nous\/","url":"https:\/\/groupemitchell.com\/fr\/achetez-avec-nous\/","name":"Achetez avec nous | Mitchell Group | Agence Immobili\u00e8re l\u2019Ouest de l&#039;\u00cele Montr\u00e9al","isPartOf":{"@id":"https:\/\/groupemitchell.com\/fr\/#website"},"primaryImageOfPage":{"@id":"https:\/\/groupemitchell.com\/fr\/achetez-avec-nous\/#primaryimage"},"image":{"@id":"https:\/\/groupemitchell.com\/fr\/achetez-avec-nous\/#primaryimage"},"thumbnailUrl":"https:\/\/groupemitchell.com\/wp-content\/uploads\/2022\/03\/winter.jpg","datePublished":"2019-11-22T01:47:37+00:00","dateModified":"2024-06-03T15:49:59+00:00","inLanguage":"fr-FR","potentialAction":[{"@type":"ReadAction","target":["https:\/\/groupemitchell.com\/fr\/achetez-avec-nous\/"]}]},{"@type":"ImageObject","inLanguage":"fr-FR","@id":"https:\/\/groupemitchell.com\/fr\/achetez-avec-nous\/#primaryimage","url":"https:\/\/groupemitchell.com\/wp-content\/uploads\/2022\/03\/winter.jpg","contentUrl":"https:\/\/groupemitchell.com\/wp-content\/uploads\/2022\/03\/winter.jpg","width":2000,"height":1312},{"@type":"WebSite","@id":"https:\/\/groupemitchell.com\/fr\/#website","url":"https:\/\/groupemitchell.com\/fr\/","name":"Mitchell Group","description":"Agence Immobili\u00e8re l\u2019Ouest de l&#039;\u00cele Montr\u00e9al","potentialAction":[{"@type":"SearchAction","target":{"@type":"EntryPoint","urlTemplate":"https:\/\/groupemitchell.com\/fr\/?s={search_term_string}"},"query-input":{"@type":"PropertyValueSpecification","valueRequired":true,"valueName":"search_term_string"}}],"inLanguage":"fr-FR"}]}},"_links":{"self":[{"href":"https:\/\/groupemitchell.com\/fr\/wp-json\/wp\/v2\/pages\/4606","targetHints":{"allow":["GET"]}}],"collection":[{"href":"https:\/\/groupemitchell.com\/fr\/wp-json\/wp\/v2\/pages"}],"about":[{"href":"https:\/\/groupemitchell.com\/fr\/wp-json\/wp\/v2\/types\/page"}],"author":[{"embeddable":true,"href":"https:\/\/groupemitchell.com\/fr\/wp-json\/wp\/v2\/users\/6"}],"replies":[{"embeddable":true,"href":"https:\/\/groupemitchell.com\/fr\/wp-json\/wp\/v2\/comments?post=4606"}],"version-history":[{"count":5,"href":"https:\/\/groupemitchell.com\/fr\/wp-json\/wp\/v2\/pages\/4606\/revisions"}],"predecessor-version":[{"id":5470,"href":"https:\/\/groupemitchell.com\/fr\/wp-json\/wp\/v2\/pages\/4606\/revisions\/5470"}],"wp:featuredmedia":[{"embeddable":true,"href":"https:\/\/groupemitchell.com\/fr\/wp-json\/wp\/v2\/media\/3699"}],"wp:attachment":[{"href":"https:\/\/groupemitchell.com\/fr\/wp-json\/wp\/v2\/media?parent=4606"}],"curies":[{"name":"wp","href":"https:\/\/api.w.org\/{rel}","templated":true}]}}