{"id":4883,"date":"2020-05-21T11:10:29","date_gmt":"2020-05-21T16:10:29","guid":{"rendered":"https:\/\/groupemitchell.com\/financial-tools\/"},"modified":"2024-01-03T10:16:05","modified_gmt":"2024-01-03T15:16:05","slug":"outils-financiers","status":"publish","type":"page","link":"https:\/\/groupemitchell.com\/fr\/outils-financiers\/","title":{"rendered":"Outils Financiers"},"content":{"rendered":"<div class=\"row\">\n<div class=\"col-md-12 text-center mt-3\">\n        <button id=\"mortgage\" class=\"trans-btn active mr-md-3 mb-2 mb-md-0\">Hypoth\u00e8que<\/button><button id=\"landtransfer\" class=\"trans-btn\"> Droit de mutation<\/button>\n    <\/div>\n<\/div>\n<div id=\"calculators\" class=\"pb-5 mt-5\"><\/div>\n<p><script type=\"text\/javascript\" src=\"https:\/\/www.ratehub.ca\/assets\/js\/widget-loader.js\"><\/script><\/p>\n","protected":false},"excerpt":{"rendered":"<p>Hypoth\u00e8que Droit de mutation<\/p>\n","protected":false},"author":6,"featured_media":3695,"parent":0,"menu_order":0,"comment_status":"closed","ping_status":"closed","template":"template-calc.php","meta":{"_acf_changed":false,"footnotes":""},"class_list":["post-4883","page","type-page","status-publish","has-post-thumbnail","hentry"],"acf":[],"yoast_head":"<!-- This site is optimized with the Yoast SEO plugin v26.2 - https:\/\/yoast.com\/wordpress\/plugins\/seo\/ -->\n<title>Mitchell Group | Agence Immobili\u00e8re l\u2019Ouest de l&#039;\u00cele Montr\u00e9al<\/title>\n<meta name=\"robots\" content=\"index, follow, max-snippet:-1, max-image-preview:large, max-video-preview:-1\" \/>\n<link rel=\"canonical\" href=\"https:\/\/groupemitchell.com\/fr\/outils-financiers\/\" \/>\n<meta property=\"og:locale\" content=\"fr_FR\" \/>\n<meta property=\"og:type\" content=\"article\" \/>\n<meta property=\"og:title\" content=\"Mitchell Group | Agence Immobili\u00e8re l\u2019Ouest de l&#039;\u00cele Montr\u00e9al\" \/>\n<meta property=\"og:description\" content=\"Hypoth\u00e8que Droit de mutation\" \/>\n<meta property=\"og:url\" content=\"https:\/\/groupemitchell.com\/fr\/outils-financiers\/\" \/>\n<meta property=\"og:site_name\" content=\"Mitchell Group\" \/>\n<meta property=\"article:modified_time\" content=\"2024-01-03T15:16:05+00:00\" \/>\n<meta property=\"og:image\" content=\"https:\/\/mwdemos.ca\/mitchell\/wp-content\/uploads\/2022\/03\/montreal-night.jpeg\" \/>\n\t<meta property=\"og:image:width\" content=\"2048\" \/>\n\t<meta property=\"og:image:height\" content=\"1152\" \/>\n\t<meta property=\"og:image:type\" content=\"image\/jpeg\" \/>\n<meta name=\"twitter:card\" content=\"summary_large_image\" \/>\n<meta name=\"twitter:label1\" content=\"Dur\u00e9e de lecture estim\u00e9e\" \/>\n\t<meta name=\"twitter:data1\" content=\"1 minute\" \/>\n<script type=\"application\/ld+json\" class=\"yoast-schema-graph\">{\"@context\":\"https:\/\/schema.org\",\"@graph\":[{\"@type\":\"WebPage\",\"@id\":\"https:\/\/groupemitchell.com\/fr\/outils-financiers\/\",\"url\":\"https:\/\/groupemitchell.com\/fr\/outils-financiers\/\",\"name\":\"Mitchell Group | Agence Immobili\u00e8re l\u2019Ouest de l&#039;\u00cele Montr\u00e9al\",\"isPartOf\":{\"@id\":\"https:\/\/groupemitchell.com\/fr\/#website\"},\"primaryImageOfPage\":{\"@id\":\"https:\/\/groupemitchell.com\/fr\/outils-financiers\/#primaryimage\"},\"image\":{\"@id\":\"https:\/\/groupemitchell.com\/fr\/outils-financiers\/#primaryimage\"},\"thumbnailUrl\":\"https:\/\/groupemitchell.com\/wp-content\/uploads\/2022\/03\/montreal-night.jpeg\",\"datePublished\":\"2020-05-21T16:10:29+00:00\",\"dateModified\":\"2024-01-03T15:16:05+00:00\",\"inLanguage\":\"fr-FR\",\"potentialAction\":[{\"@type\":\"ReadAction\",\"target\":[\"https:\/\/groupemitchell.com\/fr\/outils-financiers\/\"]}]},{\"@type\":\"ImageObject\",\"inLanguage\":\"fr-FR\",\"@id\":\"https:\/\/groupemitchell.com\/fr\/outils-financiers\/#primaryimage\",\"url\":\"https:\/\/groupemitchell.com\/wp-content\/uploads\/2022\/03\/montreal-night.jpeg\",\"contentUrl\":\"https:\/\/groupemitchell.com\/wp-content\/uploads\/2022\/03\/montreal-night.jpeg\",\"width\":2048,\"height\":1152},{\"@type\":\"WebSite\",\"@id\":\"https:\/\/groupemitchell.com\/fr\/#website\",\"url\":\"https:\/\/groupemitchell.com\/fr\/\",\"name\":\"Mitchell Group\",\"description\":\"Agence Immobili\u00e8re l\u2019Ouest de l&#039;\u00cele Montr\u00e9al\",\"potentialAction\":[{\"@type\":\"SearchAction\",\"target\":{\"@type\":\"EntryPoint\",\"urlTemplate\":\"https:\/\/groupemitchell.com\/fr\/?s={search_term_string}\"},\"query-input\":{\"@type\":\"PropertyValueSpecification\",\"valueRequired\":true,\"valueName\":\"search_term_string\"}}],\"inLanguage\":\"fr-FR\"}]}<\/script>\n<!-- \/ Yoast SEO plugin. -->","yoast_head_json":{"title":"Mitchell Group | Agence Immobili\u00e8re l\u2019Ouest de l&#039;\u00cele Montr\u00e9al","robots":{"index":"index","follow":"follow","max-snippet":"max-snippet:-1","max-image-preview":"max-image-preview:large","max-video-preview":"max-video-preview:-1"},"canonical":"https:\/\/groupemitchell.com\/fr\/outils-financiers\/","og_locale":"fr_FR","og_type":"article","og_title":"Mitchell Group | Agence Immobili\u00e8re l\u2019Ouest de l&#039;\u00cele Montr\u00e9al","og_description":"Hypoth\u00e8que Droit de mutation","og_url":"https:\/\/groupemitchell.com\/fr\/outils-financiers\/","og_site_name":"Mitchell Group","article_modified_time":"2024-01-03T15:16:05+00:00","og_image":[{"width":2048,"height":1152,"url":"https:\/\/mwdemos.ca\/mitchell\/wp-content\/uploads\/2022\/03\/montreal-night.jpeg","type":"image\/jpeg"}],"twitter_card":"summary_large_image","twitter_misc":{"Dur\u00e9e de lecture estim\u00e9e":"1 minute"},"schema":{"@context":"https:\/\/schema.org","@graph":[{"@type":"WebPage","@id":"https:\/\/groupemitchell.com\/fr\/outils-financiers\/","url":"https:\/\/groupemitchell.com\/fr\/outils-financiers\/","name":"Mitchell Group | Agence Immobili\u00e8re l\u2019Ouest de l&#039;\u00cele Montr\u00e9al","isPartOf":{"@id":"https:\/\/groupemitchell.com\/fr\/#website"},"primaryImageOfPage":{"@id":"https:\/\/groupemitchell.com\/fr\/outils-financiers\/#primaryimage"},"image":{"@id":"https:\/\/groupemitchell.com\/fr\/outils-financiers\/#primaryimage"},"thumbnailUrl":"https:\/\/groupemitchell.com\/wp-content\/uploads\/2022\/03\/montreal-night.jpeg","datePublished":"2020-05-21T16:10:29+00:00","dateModified":"2024-01-03T15:16:05+00:00","inLanguage":"fr-FR","potentialAction":[{"@type":"ReadAction","target":["https:\/\/groupemitchell.com\/fr\/outils-financiers\/"]}]},{"@type":"ImageObject","inLanguage":"fr-FR","@id":"https:\/\/groupemitchell.com\/fr\/outils-financiers\/#primaryimage","url":"https:\/\/groupemitchell.com\/wp-content\/uploads\/2022\/03\/montreal-night.jpeg","contentUrl":"https:\/\/groupemitchell.com\/wp-content\/uploads\/2022\/03\/montreal-night.jpeg","width":2048,"height":1152},{"@type":"WebSite","@id":"https:\/\/groupemitchell.com\/fr\/#website","url":"https:\/\/groupemitchell.com\/fr\/","name":"Mitchell Group","description":"Agence Immobili\u00e8re l\u2019Ouest de l&#039;\u00cele Montr\u00e9al","potentialAction":[{"@type":"SearchAction","target":{"@type":"EntryPoint","urlTemplate":"https:\/\/groupemitchell.com\/fr\/?s={search_term_string}"},"query-input":{"@type":"PropertyValueSpecification","valueRequired":true,"valueName":"search_term_string"}}],"inLanguage":"fr-FR"}]}},"_links":{"self":[{"href":"https:\/\/groupemitchell.com\/fr\/wp-json\/wp\/v2\/pages\/4883","targetHints":{"allow":["GET"]}}],"collection":[{"href":"https:\/\/groupemitchell.com\/fr\/wp-json\/wp\/v2\/pages"}],"about":[{"href":"https:\/\/groupemitchell.com\/fr\/wp-json\/wp\/v2\/types\/page"}],"author":[{"embeddable":true,"href":"https:\/\/groupemitchell.com\/fr\/wp-json\/wp\/v2\/users\/6"}],"replies":[{"embeddable":true,"href":"https:\/\/groupemitchell.com\/fr\/wp-json\/wp\/v2\/comments?post=4883"}],"version-history":[{"count":5,"href":"https:\/\/groupemitchell.com\/fr\/wp-json\/wp\/v2\/pages\/4883\/revisions"}],"predecessor-version":[{"id":5371,"href":"https:\/\/groupemitchell.com\/fr\/wp-json\/wp\/v2\/pages\/4883\/revisions\/5371"}],"wp:featuredmedia":[{"embeddable":true,"href":"https:\/\/groupemitchell.com\/fr\/wp-json\/wp\/v2\/media\/3695"}],"wp:attachment":[{"href":"https:\/\/groupemitchell.com\/fr\/wp-json\/wp\/v2\/media?parent=4883"}],"curies":[{"name":"wp","href":"https:\/\/api.w.org\/{rel}","templated":true}]}}