{"id":4899,"date":"2019-11-27T15:46:06","date_gmt":"2019-11-27T20:46:06","guid":{"rendered":"https:\/\/groupemitchell.com\/success-stories\/"},"modified":"2023-12-18T13:18:24","modified_gmt":"2023-12-18T18:18:24","slug":"histoires-de-reussite","status":"publish","type":"page","link":"https:\/\/groupemitchell.com\/fr\/histoires-de-reussite\/","title":{"rendered":"Histoires de r\u00e9ussite"},"content":{"rendered":"<form id=\"testimonial-submit\">\n<div class=\"row\">\n<div class=\"testi-bg\">\n<p class=\"pl-lg-3\">Laissez un t\u00e9moignage.<\/p>\n<div class=\"col-12 col-sm-12\"><input class=\"form-control\" name=\"name\" required=\"required\" size=\"40\" type=\"text\" value=\"\" placeholder=\"Nom et pr\u00e9nom *\" aria-required=\"true\" aria-invalid=\"false\" \/><\/div>\n<div class=\"col-12 col-sm-12\"><input class=\"form-control\" name=\"title\" required=\"required\" size=\"40\" type=\"text\" value=\"\" placeholder=\"Titre *\" aria-required=\"true\" aria-invalid=\"false\" \/><\/div>\n<div class=\"col-xs-12 col-md-12\"><textarea class=\"form-control\" cols=\"40\" name=\"content\" required=\"required\" rows=\"10\" placeholder=\"\u00c9crivez votre t\u00e9moignage ici...\" aria-invalid=\"false\">&lt;span data-mce-type=\u00a0\u00bbbookmark\u00a0\u00bb style=\u00a0\u00bbdisplay: inline-block; width: 0px; overflow: hidden; line-height: 0;\u00a0\u00bb class=\u00a0\u00bbmce_SELRES_start\u00a0\u00bb&gt;&lt;\/span&gt;<\/textarea><\/div>\n<div class=\"col-xs-12 col-md-12 text-center text-md-right\"><button class=\"white-btn buttons\" type=\"submit\">Envoyer<br \/>\n<\/button><\/div>\n<\/div>\n<\/div>\n<div class=\"wpcf7-response-output wpcf7-display-none\"><\/div>\n<\/form>\n","protected":false},"excerpt":{"rendered":"<p>Laissez un t\u00e9moignage. &lt;span data-mce-type=\u00a0\u00bbbookmark\u00a0\u00bb style=\u00a0\u00bbdisplay: inline-block; width: 0px; overflow: hidden; line-height: 0;\u00a0\u00bb class=\u00a0\u00bbmce_SELRES_start\u00a0\u00bb&gt;&lt;\/span&gt; Envoyer<\/p>\n","protected":false},"author":6,"featured_media":4617,"parent":0,"menu_order":0,"comment_status":"closed","ping_status":"closed","template":"template-testi.php","meta":{"_acf_changed":false,"footnotes":""},"class_list":["post-4899","page","type-page","status-publish","has-post-thumbnail","hentry"],"acf":[],"yoast_head":"<!-- This site is optimized with the Yoast SEO plugin v26.2 - https:\/\/yoast.com\/wordpress\/plugins\/seo\/ -->\n<title>Mitchell Group | Agence Immobili\u00e8re l\u2019Ouest de l&#039;\u00cele Montr\u00e9al<\/title>\n<meta name=\"robots\" content=\"index, follow, max-snippet:-1, max-image-preview:large, max-video-preview:-1\" \/>\n<link rel=\"canonical\" href=\"https:\/\/groupemitchell.com\/fr\/histoires-de-reussite\/\" \/>\n<meta property=\"og:locale\" content=\"fr_FR\" \/>\n<meta property=\"og:type\" content=\"article\" \/>\n<meta property=\"og:title\" content=\"Mitchell Group | Agence Immobili\u00e8re l\u2019Ouest de l&#039;\u00cele Montr\u00e9al\" \/>\n<meta property=\"og:description\" content=\"Laissez un t\u00e9moignage. &lt;span data-mce-type=\u00a0\u00bbbookmark\u00a0\u00bb style=\u00a0\u00bbdisplay: inline-block; width: 0px; overflow: hidden; line-height: 0;\u00a0\u00bb class=\u00a0\u00bbmce_SELRES_start\u00a0\u00bb&gt;&lt;\/span&gt; Envoyer\" \/>\n<meta property=\"og:url\" content=\"https:\/\/groupemitchell.com\/fr\/histoires-de-reussite\/\" \/>\n<meta property=\"og:site_name\" content=\"Mitchell Group\" \/>\n<meta property=\"article:modified_time\" content=\"2023-12-18T18:18:24+00:00\" \/>\n<meta property=\"og:image\" content=\"https:\/\/mwdemos.ca\/mitchell\/wp-content\/uploads\/2022\/03\/interior3.jpg\" \/>\n\t<meta property=\"og:image:width\" content=\"2560\" \/>\n\t<meta property=\"og:image:height\" content=\"1707\" \/>\n\t<meta property=\"og:image:type\" content=\"image\/jpeg\" \/>\n<meta name=\"twitter:card\" content=\"summary_large_image\" \/>\n<meta name=\"twitter:label1\" content=\"Dur\u00e9e de lecture estim\u00e9e\" \/>\n\t<meta name=\"twitter:data1\" content=\"1 minute\" \/>\n<script type=\"application\/ld+json\" class=\"yoast-schema-graph\">{\"@context\":\"https:\/\/schema.org\",\"@graph\":[{\"@type\":\"WebPage\",\"@id\":\"https:\/\/groupemitchell.com\/fr\/histoires-de-reussite\/\",\"url\":\"https:\/\/groupemitchell.com\/fr\/histoires-de-reussite\/\",\"name\":\"Mitchell Group | Agence Immobili\u00e8re l\u2019Ouest de l&#039;\u00cele Montr\u00e9al\",\"isPartOf\":{\"@id\":\"https:\/\/groupemitchell.com\/fr\/#website\"},\"primaryImageOfPage\":{\"@id\":\"https:\/\/groupemitchell.com\/fr\/histoires-de-reussite\/#primaryimage\"},\"image\":{\"@id\":\"https:\/\/groupemitchell.com\/fr\/histoires-de-reussite\/#primaryimage\"},\"thumbnailUrl\":\"https:\/\/groupemitchell.com\/wp-content\/uploads\/2022\/03\/interior3.jpg\",\"datePublished\":\"2019-11-27T20:46:06+00:00\",\"dateModified\":\"2023-12-18T18:18:24+00:00\",\"inLanguage\":\"fr-FR\",\"potentialAction\":[{\"@type\":\"ReadAction\",\"target\":[\"https:\/\/groupemitchell.com\/fr\/histoires-de-reussite\/\"]}]},{\"@type\":\"ImageObject\",\"inLanguage\":\"fr-FR\",\"@id\":\"https:\/\/groupemitchell.com\/fr\/histoires-de-reussite\/#primaryimage\",\"url\":\"https:\/\/groupemitchell.com\/wp-content\/uploads\/2022\/03\/interior3.jpg\",\"contentUrl\":\"https:\/\/groupemitchell.com\/wp-content\/uploads\/2022\/03\/interior3.jpg\",\"width\":2560,\"height\":1707,\"caption\":\"Modern kitchen interior with gray and white brick walls, a concrete floor and gray and wooden countertops. A long table with chairs near it. A mock up wall. 3d rendering\"},{\"@type\":\"WebSite\",\"@id\":\"https:\/\/groupemitchell.com\/fr\/#website\",\"url\":\"https:\/\/groupemitchell.com\/fr\/\",\"name\":\"Mitchell Group\",\"description\":\"Agence Immobili\u00e8re l\u2019Ouest de l&#039;\u00cele Montr\u00e9al\",\"potentialAction\":[{\"@type\":\"SearchAction\",\"target\":{\"@type\":\"EntryPoint\",\"urlTemplate\":\"https:\/\/groupemitchell.com\/fr\/?s={search_term_string}\"},\"query-input\":{\"@type\":\"PropertyValueSpecification\",\"valueRequired\":true,\"valueName\":\"search_term_string\"}}],\"inLanguage\":\"fr-FR\"}]}<\/script>\n<!-- \/ Yoast SEO plugin. -->","yoast_head_json":{"title":"Mitchell Group | Agence Immobili\u00e8re l\u2019Ouest de l&#039;\u00cele Montr\u00e9al","robots":{"index":"index","follow":"follow","max-snippet":"max-snippet:-1","max-image-preview":"max-image-preview:large","max-video-preview":"max-video-preview:-1"},"canonical":"https:\/\/groupemitchell.com\/fr\/histoires-de-reussite\/","og_locale":"fr_FR","og_type":"article","og_title":"Mitchell Group | Agence Immobili\u00e8re l\u2019Ouest de l&#039;\u00cele Montr\u00e9al","og_description":"Laissez un t\u00e9moignage. &lt;span data-mce-type=\u00a0\u00bbbookmark\u00a0\u00bb style=\u00a0\u00bbdisplay: inline-block; width: 0px; overflow: hidden; line-height: 0;\u00a0\u00bb class=\u00a0\u00bbmce_SELRES_start\u00a0\u00bb&gt;&lt;\/span&gt; Envoyer","og_url":"https:\/\/groupemitchell.com\/fr\/histoires-de-reussite\/","og_site_name":"Mitchell Group","article_modified_time":"2023-12-18T18:18:24+00:00","og_image":[{"width":2560,"height":1707,"url":"https:\/\/mwdemos.ca\/mitchell\/wp-content\/uploads\/2022\/03\/interior3.jpg","type":"image\/jpeg"}],"twitter_card":"summary_large_image","twitter_misc":{"Dur\u00e9e de lecture estim\u00e9e":"1 minute"},"schema":{"@context":"https:\/\/schema.org","@graph":[{"@type":"WebPage","@id":"https:\/\/groupemitchell.com\/fr\/histoires-de-reussite\/","url":"https:\/\/groupemitchell.com\/fr\/histoires-de-reussite\/","name":"Mitchell Group | Agence Immobili\u00e8re l\u2019Ouest de l&#039;\u00cele Montr\u00e9al","isPartOf":{"@id":"https:\/\/groupemitchell.com\/fr\/#website"},"primaryImageOfPage":{"@id":"https:\/\/groupemitchell.com\/fr\/histoires-de-reussite\/#primaryimage"},"image":{"@id":"https:\/\/groupemitchell.com\/fr\/histoires-de-reussite\/#primaryimage"},"thumbnailUrl":"https:\/\/groupemitchell.com\/wp-content\/uploads\/2022\/03\/interior3.jpg","datePublished":"2019-11-27T20:46:06+00:00","dateModified":"2023-12-18T18:18:24+00:00","inLanguage":"fr-FR","potentialAction":[{"@type":"ReadAction","target":["https:\/\/groupemitchell.com\/fr\/histoires-de-reussite\/"]}]},{"@type":"ImageObject","inLanguage":"fr-FR","@id":"https:\/\/groupemitchell.com\/fr\/histoires-de-reussite\/#primaryimage","url":"https:\/\/groupemitchell.com\/wp-content\/uploads\/2022\/03\/interior3.jpg","contentUrl":"https:\/\/groupemitchell.com\/wp-content\/uploads\/2022\/03\/interior3.jpg","width":2560,"height":1707,"caption":"Modern kitchen interior with gray and white brick walls, a concrete floor and gray and wooden countertops. A long table with chairs near it. A mock up wall. 3d rendering"},{"@type":"WebSite","@id":"https:\/\/groupemitchell.com\/fr\/#website","url":"https:\/\/groupemitchell.com\/fr\/","name":"Mitchell Group","description":"Agence Immobili\u00e8re l\u2019Ouest de l&#039;\u00cele Montr\u00e9al","potentialAction":[{"@type":"SearchAction","target":{"@type":"EntryPoint","urlTemplate":"https:\/\/groupemitchell.com\/fr\/?s={search_term_string}"},"query-input":{"@type":"PropertyValueSpecification","valueRequired":true,"valueName":"search_term_string"}}],"inLanguage":"fr-FR"}]}},"_links":{"self":[{"href":"https:\/\/groupemitchell.com\/fr\/wp-json\/wp\/v2\/pages\/4899","targetHints":{"allow":["GET"]}}],"collection":[{"href":"https:\/\/groupemitchell.com\/fr\/wp-json\/wp\/v2\/pages"}],"about":[{"href":"https:\/\/groupemitchell.com\/fr\/wp-json\/wp\/v2\/types\/page"}],"author":[{"embeddable":true,"href":"https:\/\/groupemitchell.com\/fr\/wp-json\/wp\/v2\/users\/6"}],"replies":[{"embeddable":true,"href":"https:\/\/groupemitchell.com\/fr\/wp-json\/wp\/v2\/comments?post=4899"}],"version-history":[{"count":2,"href":"https:\/\/groupemitchell.com\/fr\/wp-json\/wp\/v2\/pages\/4899\/revisions"}],"predecessor-version":[{"id":4901,"href":"https:\/\/groupemitchell.com\/fr\/wp-json\/wp\/v2\/pages\/4899\/revisions\/4901"}],"wp:featuredmedia":[{"embeddable":true,"href":"https:\/\/groupemitchell.com\/fr\/wp-json\/wp\/v2\/media\/4617"}],"wp:attachment":[{"href":"https:\/\/groupemitchell.com\/fr\/wp-json\/wp\/v2\/media?parent=4899"}],"curies":[{"name":"wp","href":"https:\/\/api.w.org\/{rel}","templated":true}]}}