{"id":4908,"date":"2019-11-21T20:49:57","date_gmt":"2019-11-22T01:49:57","guid":{"rendered":"https:\/\/groupemitchell.com\/sell-with-us\/"},"modified":"2024-06-03T10:49:17","modified_gmt":"2024-06-03T15:49:17","slug":"vendre-avec-nous","status":"publish","type":"page","link":"https:\/\/groupemitchell.com\/fr\/vendre-avec-nous\/","title":{"rendered":"Vendre avec nous"},"content":{"rendered":"<h3>Pourquoi vendre votre maison avec Mitchell Group ?<\/h3>\n<p>Lorsqu&rsquo;il s&rsquo;agit de vendre votre maison, le choix d&rsquo;une agence immobili\u00e8re peut faire toute la diff\u00e9rence. Nous sommes fiers d&rsquo;\u00eatre une petite \u00e9quipe ind\u00e9pendante, r\u00e9active et dynamique qui place toujours le client au premier plan. Notre m\u00e9lange unique d&rsquo;exp\u00e9rience et d&rsquo;\u00e9nergie juv\u00e9nile de nos courtiers d\u00e9vou\u00e9s vous garantit le meilleur des deux mondes.<\/p>\n<p>Contrairement \u00e0 la plupart des agences, nous ne sommes pas en concurrence les uns avec les autres, nous travaillons tous ensemble pour vous faire gagner le plus d&rsquo;argent possible pour votre bien le plus pr\u00e9cieux ! Et nous vendons des maisons depuis plus de 30 ans !<\/p>\n<p>L&rsquo;une de nos principales caract\u00e9ristiques est notre utilisation adroite des derni\u00e8res technologies Internet et des plateformes de m\u00e9dias sociaux. \u00c0 l&rsquo;\u00e8re du num\u00e9rique, il est essentiel d&rsquo;avoir une forte pr\u00e9sence en ligne, et nous utilisons ces outils pour exposer votre maison au plus grand nombre possible d&rsquo;acheteurs qualifi\u00e9s. Cela signifie que votre propri\u00e9t\u00e9 b\u00e9n\u00e9ficiera d&rsquo;une visibilit\u00e9 in\u00e9gal\u00e9e, augmentant ainsi les chances d&rsquo;une vente rapide et r\u00e9ussie.<\/p>\n<p>Notre engagement \u00e0 maximiser votre retour sur investissement est \u00e9vident dans nos r\u00e9sultats. Les maisons r\u00e9pertori\u00e9es par The Mitchell Group se vendent non seulement plus rapidement, mais atteignent \u00e9galement des prix plus \u00e9lev\u00e9s sur le march\u00e9. Nous comprenons que la vente de votre maison est une d\u00e9cision financi\u00e8re importante, et nous sommes l\u00e0 pour vous guider \u00e0 chaque \u00e9tape. Avec l&rsquo;agence immobili\u00e8re The Mitchell Group, vous ne vous contentez pas d&rsquo;inscrire votre maison ; vous investissez dans une \u00e9quipe d\u00e9vou\u00e9e qui vise l&rsquo;excellence et obtient des r\u00e9sultats.<\/p>\n","protected":false},"excerpt":{"rendered":"<p>Pourquoi vendre votre maison avec Mitchell Group ? Lorsqu&rsquo;il s&rsquo;agit de vendre votre maison, le choix d&rsquo;une agence immobili\u00e8re peut faire toute la diff\u00e9rence. Nous sommes fiers d&rsquo;\u00eatre une petite \u00e9quipe ind\u00e9pendante, r\u00e9active et dynamique qui place toujours le client au premier plan. Notre m\u00e9lange unique d&rsquo;exp\u00e9rience et d&rsquo;\u00e9nergie juv\u00e9nile de nos courtiers d\u00e9vou\u00e9s vous [&hellip;]<\/p>\n","protected":false},"author":6,"featured_media":3719,"parent":0,"menu_order":0,"comment_status":"closed","ping_status":"closed","template":"template-buy.php","meta":{"_acf_changed":false,"footnotes":""},"class_list":["post-4908","page","type-page","status-publish","has-post-thumbnail","hentry"],"acf":[],"yoast_head":"<!-- This site is optimized with the Yoast SEO plugin v26.2 - https:\/\/yoast.com\/wordpress\/plugins\/seo\/ -->\n<title>Vendre avec nous | Mitchell Group | Agence Immobili\u00e8re l\u2019Ouest de l&#039;\u00cele Montr\u00e9al<\/title>\n<meta name=\"robots\" content=\"index, follow, max-snippet:-1, max-image-preview:large, max-video-preview:-1\" \/>\n<link rel=\"canonical\" href=\"https:\/\/groupemitchell.com\/fr\/vendre-avec-nous\/\" \/>\n<meta property=\"og:locale\" content=\"fr_FR\" \/>\n<meta property=\"og:type\" content=\"article\" \/>\n<meta property=\"og:title\" content=\"Vendre avec nous | Mitchell Group | Agence Immobili\u00e8re l\u2019Ouest de l&#039;\u00cele Montr\u00e9al\" \/>\n<meta property=\"og:description\" content=\"Pourquoi vendre votre maison avec Mitchell Group ? Lorsqu&rsquo;il s&rsquo;agit de vendre votre maison, le choix d&rsquo;une agence immobili\u00e8re peut faire toute la diff\u00e9rence. Nous sommes fiers d&rsquo;\u00eatre une petite \u00e9quipe ind\u00e9pendante, r\u00e9active et dynamique qui place toujours le client au premier plan. Notre m\u00e9lange unique d&rsquo;exp\u00e9rience et d&rsquo;\u00e9nergie juv\u00e9nile de nos courtiers d\u00e9vou\u00e9s vous [&hellip;]\" \/>\n<meta property=\"og:url\" content=\"https:\/\/groupemitchell.com\/fr\/vendre-avec-nous\/\" \/>\n<meta property=\"og:site_name\" content=\"Mitchell Group\" \/>\n<meta property=\"article:modified_time\" content=\"2024-06-03T15:49:17+00:00\" \/>\n<meta property=\"og:image\" content=\"https:\/\/mwdemos.ca\/mitchell\/wp-content\/uploads\/2022\/03\/modern.jpg\" \/>\n\t<meta property=\"og:image:width\" content=\"2000\" \/>\n\t<meta property=\"og:image:height\" content=\"1333\" \/>\n\t<meta property=\"og:image:type\" content=\"image\/jpeg\" \/>\n<meta name=\"twitter:card\" content=\"summary_large_image\" \/>\n<meta name=\"twitter:label1\" content=\"Dur\u00e9e de lecture estim\u00e9e\" \/>\n\t<meta name=\"twitter:data1\" content=\"2 minutes\" \/>\n<script type=\"application\/ld+json\" class=\"yoast-schema-graph\">{\"@context\":\"https:\/\/schema.org\",\"@graph\":[{\"@type\":\"WebPage\",\"@id\":\"https:\/\/groupemitchell.com\/fr\/vendre-avec-nous\/\",\"url\":\"https:\/\/groupemitchell.com\/fr\/vendre-avec-nous\/\",\"name\":\"Vendre avec nous | Mitchell Group | Agence Immobili\u00e8re l\u2019Ouest de l&#039;\u00cele Montr\u00e9al\",\"isPartOf\":{\"@id\":\"https:\/\/groupemitchell.com\/fr\/#website\"},\"primaryImageOfPage\":{\"@id\":\"https:\/\/groupemitchell.com\/fr\/vendre-avec-nous\/#primaryimage\"},\"image\":{\"@id\":\"https:\/\/groupemitchell.com\/fr\/vendre-avec-nous\/#primaryimage\"},\"thumbnailUrl\":\"https:\/\/groupemitchell.com\/wp-content\/uploads\/2022\/03\/modern.jpg\",\"datePublished\":\"2019-11-22T01:49:57+00:00\",\"dateModified\":\"2024-06-03T15:49:17+00:00\",\"inLanguage\":\"fr-FR\",\"potentialAction\":[{\"@type\":\"ReadAction\",\"target\":[\"https:\/\/groupemitchell.com\/fr\/vendre-avec-nous\/\"]}]},{\"@type\":\"ImageObject\",\"inLanguage\":\"fr-FR\",\"@id\":\"https:\/\/groupemitchell.com\/fr\/vendre-avec-nous\/#primaryimage\",\"url\":\"https:\/\/groupemitchell.com\/wp-content\/uploads\/2022\/03\/modern.jpg\",\"contentUrl\":\"https:\/\/groupemitchell.com\/wp-content\/uploads\/2022\/03\/modern.jpg\",\"width\":2000,\"height\":1333},{\"@type\":\"WebSite\",\"@id\":\"https:\/\/groupemitchell.com\/fr\/#website\",\"url\":\"https:\/\/groupemitchell.com\/fr\/\",\"name\":\"Mitchell Group\",\"description\":\"Agence Immobili\u00e8re l\u2019Ouest de l&#039;\u00cele Montr\u00e9al\",\"potentialAction\":[{\"@type\":\"SearchAction\",\"target\":{\"@type\":\"EntryPoint\",\"urlTemplate\":\"https:\/\/groupemitchell.com\/fr\/?s={search_term_string}\"},\"query-input\":{\"@type\":\"PropertyValueSpecification\",\"valueRequired\":true,\"valueName\":\"search_term_string\"}}],\"inLanguage\":\"fr-FR\"}]}<\/script>\n<!-- \/ Yoast SEO plugin. -->","yoast_head_json":{"title":"Vendre avec nous | Mitchell Group | Agence Immobili\u00e8re l\u2019Ouest de l&#039;\u00cele Montr\u00e9al","robots":{"index":"index","follow":"follow","max-snippet":"max-snippet:-1","max-image-preview":"max-image-preview:large","max-video-preview":"max-video-preview:-1"},"canonical":"https:\/\/groupemitchell.com\/fr\/vendre-avec-nous\/","og_locale":"fr_FR","og_type":"article","og_title":"Vendre avec nous | Mitchell Group | Agence Immobili\u00e8re l\u2019Ouest de l&#039;\u00cele Montr\u00e9al","og_description":"Pourquoi vendre votre maison avec Mitchell Group ? Lorsqu&rsquo;il s&rsquo;agit de vendre votre maison, le choix d&rsquo;une agence immobili\u00e8re peut faire toute la diff\u00e9rence. Nous sommes fiers d&rsquo;\u00eatre une petite \u00e9quipe ind\u00e9pendante, r\u00e9active et dynamique qui place toujours le client au premier plan. Notre m\u00e9lange unique d&rsquo;exp\u00e9rience et d&rsquo;\u00e9nergie juv\u00e9nile de nos courtiers d\u00e9vou\u00e9s vous [&hellip;]","og_url":"https:\/\/groupemitchell.com\/fr\/vendre-avec-nous\/","og_site_name":"Mitchell Group","article_modified_time":"2024-06-03T15:49:17+00:00","og_image":[{"width":2000,"height":1333,"url":"https:\/\/mwdemos.ca\/mitchell\/wp-content\/uploads\/2022\/03\/modern.jpg","type":"image\/jpeg"}],"twitter_card":"summary_large_image","twitter_misc":{"Dur\u00e9e de lecture estim\u00e9e":"2 minutes"},"schema":{"@context":"https:\/\/schema.org","@graph":[{"@type":"WebPage","@id":"https:\/\/groupemitchell.com\/fr\/vendre-avec-nous\/","url":"https:\/\/groupemitchell.com\/fr\/vendre-avec-nous\/","name":"Vendre avec nous | Mitchell Group | Agence Immobili\u00e8re l\u2019Ouest de l&#039;\u00cele Montr\u00e9al","isPartOf":{"@id":"https:\/\/groupemitchell.com\/fr\/#website"},"primaryImageOfPage":{"@id":"https:\/\/groupemitchell.com\/fr\/vendre-avec-nous\/#primaryimage"},"image":{"@id":"https:\/\/groupemitchell.com\/fr\/vendre-avec-nous\/#primaryimage"},"thumbnailUrl":"https:\/\/groupemitchell.com\/wp-content\/uploads\/2022\/03\/modern.jpg","datePublished":"2019-11-22T01:49:57+00:00","dateModified":"2024-06-03T15:49:17+00:00","inLanguage":"fr-FR","potentialAction":[{"@type":"ReadAction","target":["https:\/\/groupemitchell.com\/fr\/vendre-avec-nous\/"]}]},{"@type":"ImageObject","inLanguage":"fr-FR","@id":"https:\/\/groupemitchell.com\/fr\/vendre-avec-nous\/#primaryimage","url":"https:\/\/groupemitchell.com\/wp-content\/uploads\/2022\/03\/modern.jpg","contentUrl":"https:\/\/groupemitchell.com\/wp-content\/uploads\/2022\/03\/modern.jpg","width":2000,"height":1333},{"@type":"WebSite","@id":"https:\/\/groupemitchell.com\/fr\/#website","url":"https:\/\/groupemitchell.com\/fr\/","name":"Mitchell Group","description":"Agence Immobili\u00e8re l\u2019Ouest de l&#039;\u00cele Montr\u00e9al","potentialAction":[{"@type":"SearchAction","target":{"@type":"EntryPoint","urlTemplate":"https:\/\/groupemitchell.com\/fr\/?s={search_term_string}"},"query-input":{"@type":"PropertyValueSpecification","valueRequired":true,"valueName":"search_term_string"}}],"inLanguage":"fr-FR"}]}},"_links":{"self":[{"href":"https:\/\/groupemitchell.com\/fr\/wp-json\/wp\/v2\/pages\/4908","targetHints":{"allow":["GET"]}}],"collection":[{"href":"https:\/\/groupemitchell.com\/fr\/wp-json\/wp\/v2\/pages"}],"about":[{"href":"https:\/\/groupemitchell.com\/fr\/wp-json\/wp\/v2\/types\/page"}],"author":[{"embeddable":true,"href":"https:\/\/groupemitchell.com\/fr\/wp-json\/wp\/v2\/users\/6"}],"replies":[{"embeddable":true,"href":"https:\/\/groupemitchell.com\/fr\/wp-json\/wp\/v2\/comments?post=4908"}],"version-history":[{"count":4,"href":"https:\/\/groupemitchell.com\/fr\/wp-json\/wp\/v2\/pages\/4908\/revisions"}],"predecessor-version":[{"id":5469,"href":"https:\/\/groupemitchell.com\/fr\/wp-json\/wp\/v2\/pages\/4908\/revisions\/5469"}],"wp:featuredmedia":[{"embeddable":true,"href":"https:\/\/groupemitchell.com\/fr\/wp-json\/wp\/v2\/media\/3719"}],"wp:attachment":[{"href":"https:\/\/groupemitchell.com\/fr\/wp-json\/wp\/v2\/media?parent=4908"}],"curies":[{"name":"wp","href":"https:\/\/api.w.org\/{rel}","templated":true}]}}