{"id":4912,"date":"2022-10-17T15:29:15","date_gmt":"2022-10-17T20:29:15","guid":{"rendered":"https:\/\/groupemitchell.com\/mortgage\/"},"modified":"2024-06-04T15:32:18","modified_gmt":"2024-06-04T20:32:18","slug":"hypotheque","status":"publish","type":"page","link":"https:\/\/groupemitchell.com\/fr\/hypotheque\/","title":{"rendered":"Hypoth\u00e8que"},"content":{"rendered":"<p>Vous envisagez d&rsquo;acheter un bien immobilier prochainement ? Qu&rsquo;il s&rsquo;agisse d&rsquo;une maison unifamiliale, d&rsquo;un condo, d&rsquo;un premier achat ou d&rsquo;un changement de vie n\u00e9cessitant un d\u00e9m\u00e9nagement, Mitchell Group est votre alli\u00e9 de confiance pour votre projet. Il est toujours pr\u00e9f\u00e9rable de travailler avec un courtier exp\u00e9riment\u00e9 afin d&rsquo;obtenir une opinion objective, d&rsquo;\u00eatre guid\u00e9 mais aussi de mettre en place toutes les strat\u00e9gies n\u00e9cessaires \u00e0 l&rsquo;acquisition de la propri\u00e9t\u00e9 de vos r\u00eaves.<\/p>\n<p>Actifs sur toute la Rive-Sud, les courtiers du Groupe Mitchell n&rsquo;h\u00e9sitent pas \u00e0 suivre leurs clients partout o\u00f9 le besoin s&rsquo;en fait sentir ; plusieurs clients satisfaits n&rsquo;h\u00e9sitent pas \u00e0 les r\u00e9f\u00e9rer \u00e0 leurs proches. Ils ont le privil\u00e8ge d&rsquo;accompagner leurs nouveaux clients dans d&rsquo;autres r\u00e9gions telles que la Rive-Nord, Montr\u00e9al, les Laurentides et les Cantons de l&rsquo;Est ; des r\u00e9gions qu&rsquo;ils ont appris \u00e0 bien conna\u00eetre au fil des ans. Votre confiance est tr\u00e8s importante pour eux car ils s&rsquo;assurent que votre projet immobilier soit trait\u00e9 de fa\u00e7on exemplaire du d\u00e9but \u00e0 la fin.<\/p>\n","protected":false},"excerpt":{"rendered":"<p>Vous envisagez d&rsquo;acheter un bien immobilier prochainement ? Qu&rsquo;il s&rsquo;agisse d&rsquo;une maison unifamiliale, d&rsquo;un condo, d&rsquo;un premier achat ou d&rsquo;un changement de vie n\u00e9cessitant un d\u00e9m\u00e9nagement, Mitchell Group est votre alli\u00e9 de confiance pour votre projet. Il est toujours pr\u00e9f\u00e9rable de travailler avec un courtier exp\u00e9riment\u00e9 afin d&rsquo;obtenir une opinion objective, d&rsquo;\u00eatre guid\u00e9 mais aussi [&hellip;]<\/p>\n","protected":false},"author":6,"featured_media":3695,"parent":0,"menu_order":0,"comment_status":"closed","ping_status":"closed","template":"template-landing.php","meta":{"_acf_changed":false,"footnotes":""},"class_list":["post-4912","page","type-page","status-publish","has-post-thumbnail","hentry"],"acf":[],"yoast_head":"<!-- This site is optimized with the Yoast SEO plugin v26.2 - https:\/\/yoast.com\/wordpress\/plugins\/seo\/ -->\n<title>Hypoth\u00e8que | Mitchell Group | Agence Immobili\u00e8re l\u2019Ouest de l&#039;\u00cele Montr\u00e9al<\/title>\n<meta name=\"robots\" content=\"index, follow, max-snippet:-1, max-image-preview:large, max-video-preview:-1\" \/>\n<link rel=\"canonical\" href=\"https:\/\/groupemitchell.com\/fr\/hypotheque\/\" \/>\n<meta property=\"og:locale\" content=\"fr_FR\" \/>\n<meta property=\"og:type\" content=\"article\" \/>\n<meta property=\"og:title\" content=\"Hypoth\u00e8que | Mitchell Group | Agence Immobili\u00e8re l\u2019Ouest de l&#039;\u00cele Montr\u00e9al\" \/>\n<meta property=\"og:description\" content=\"Vous envisagez d&rsquo;acheter un bien immobilier prochainement ? Qu&rsquo;il s&rsquo;agisse d&rsquo;une maison unifamiliale, d&rsquo;un condo, d&rsquo;un premier achat ou d&rsquo;un changement de vie n\u00e9cessitant un d\u00e9m\u00e9nagement, Mitchell Group est votre alli\u00e9 de confiance pour votre projet. Il est toujours pr\u00e9f\u00e9rable de travailler avec un courtier exp\u00e9riment\u00e9 afin d&rsquo;obtenir une opinion objective, d&rsquo;\u00eatre guid\u00e9 mais aussi [&hellip;]\" \/>\n<meta property=\"og:url\" content=\"https:\/\/groupemitchell.com\/fr\/hypotheque\/\" \/>\n<meta property=\"og:site_name\" content=\"Mitchell Group\" \/>\n<meta property=\"article:modified_time\" content=\"2024-06-04T20:32:18+00:00\" \/>\n<meta property=\"og:image\" content=\"https:\/\/mwdemos.ca\/mitchell\/wp-content\/uploads\/2022\/03\/montreal-night.jpeg\" \/>\n\t<meta property=\"og:image:width\" content=\"2048\" \/>\n\t<meta property=\"og:image:height\" content=\"1152\" \/>\n\t<meta property=\"og:image:type\" content=\"image\/jpeg\" \/>\n<meta name=\"twitter:card\" content=\"summary_large_image\" \/>\n<meta name=\"twitter:label1\" content=\"Dur\u00e9e de lecture estim\u00e9e\" \/>\n\t<meta name=\"twitter:data1\" content=\"1 minute\" \/>\n<script type=\"application\/ld+json\" class=\"yoast-schema-graph\">{\"@context\":\"https:\/\/schema.org\",\"@graph\":[{\"@type\":\"WebPage\",\"@id\":\"https:\/\/groupemitchell.com\/fr\/hypotheque\/\",\"url\":\"https:\/\/groupemitchell.com\/fr\/hypotheque\/\",\"name\":\"Hypoth\u00e8que | Mitchell Group | Agence Immobili\u00e8re l\u2019Ouest de l&#039;\u00cele Montr\u00e9al\",\"isPartOf\":{\"@id\":\"https:\/\/groupemitchell.com\/fr\/#website\"},\"primaryImageOfPage\":{\"@id\":\"https:\/\/groupemitchell.com\/fr\/hypotheque\/#primaryimage\"},\"image\":{\"@id\":\"https:\/\/groupemitchell.com\/fr\/hypotheque\/#primaryimage\"},\"thumbnailUrl\":\"https:\/\/groupemitchell.com\/wp-content\/uploads\/2022\/03\/montreal-night.jpeg\",\"datePublished\":\"2022-10-17T20:29:15+00:00\",\"dateModified\":\"2024-06-04T20:32:18+00:00\",\"inLanguage\":\"fr-FR\",\"potentialAction\":[{\"@type\":\"ReadAction\",\"target\":[\"https:\/\/groupemitchell.com\/fr\/hypotheque\/\"]}]},{\"@type\":\"ImageObject\",\"inLanguage\":\"fr-FR\",\"@id\":\"https:\/\/groupemitchell.com\/fr\/hypotheque\/#primaryimage\",\"url\":\"https:\/\/groupemitchell.com\/wp-content\/uploads\/2022\/03\/montreal-night.jpeg\",\"contentUrl\":\"https:\/\/groupemitchell.com\/wp-content\/uploads\/2022\/03\/montreal-night.jpeg\",\"width\":2048,\"height\":1152},{\"@type\":\"WebSite\",\"@id\":\"https:\/\/groupemitchell.com\/fr\/#website\",\"url\":\"https:\/\/groupemitchell.com\/fr\/\",\"name\":\"Mitchell Group\",\"description\":\"Agence Immobili\u00e8re l\u2019Ouest de l&#039;\u00cele Montr\u00e9al\",\"potentialAction\":[{\"@type\":\"SearchAction\",\"target\":{\"@type\":\"EntryPoint\",\"urlTemplate\":\"https:\/\/groupemitchell.com\/fr\/?s={search_term_string}\"},\"query-input\":{\"@type\":\"PropertyValueSpecification\",\"valueRequired\":true,\"valueName\":\"search_term_string\"}}],\"inLanguage\":\"fr-FR\"}]}<\/script>\n<!-- \/ Yoast SEO plugin. -->","yoast_head_json":{"title":"Hypoth\u00e8que | Mitchell Group | Agence Immobili\u00e8re l\u2019Ouest de l&#039;\u00cele Montr\u00e9al","robots":{"index":"index","follow":"follow","max-snippet":"max-snippet:-1","max-image-preview":"max-image-preview:large","max-video-preview":"max-video-preview:-1"},"canonical":"https:\/\/groupemitchell.com\/fr\/hypotheque\/","og_locale":"fr_FR","og_type":"article","og_title":"Hypoth\u00e8que | Mitchell Group | Agence Immobili\u00e8re l\u2019Ouest de l&#039;\u00cele Montr\u00e9al","og_description":"Vous envisagez d&rsquo;acheter un bien immobilier prochainement ? Qu&rsquo;il s&rsquo;agisse d&rsquo;une maison unifamiliale, d&rsquo;un condo, d&rsquo;un premier achat ou d&rsquo;un changement de vie n\u00e9cessitant un d\u00e9m\u00e9nagement, Mitchell Group est votre alli\u00e9 de confiance pour votre projet. Il est toujours pr\u00e9f\u00e9rable de travailler avec un courtier exp\u00e9riment\u00e9 afin d&rsquo;obtenir une opinion objective, d&rsquo;\u00eatre guid\u00e9 mais aussi [&hellip;]","og_url":"https:\/\/groupemitchell.com\/fr\/hypotheque\/","og_site_name":"Mitchell Group","article_modified_time":"2024-06-04T20:32:18+00:00","og_image":[{"width":2048,"height":1152,"url":"https:\/\/mwdemos.ca\/mitchell\/wp-content\/uploads\/2022\/03\/montreal-night.jpeg","type":"image\/jpeg"}],"twitter_card":"summary_large_image","twitter_misc":{"Dur\u00e9e de lecture estim\u00e9e":"1 minute"},"schema":{"@context":"https:\/\/schema.org","@graph":[{"@type":"WebPage","@id":"https:\/\/groupemitchell.com\/fr\/hypotheque\/","url":"https:\/\/groupemitchell.com\/fr\/hypotheque\/","name":"Hypoth\u00e8que | Mitchell Group | Agence Immobili\u00e8re l\u2019Ouest de l&#039;\u00cele Montr\u00e9al","isPartOf":{"@id":"https:\/\/groupemitchell.com\/fr\/#website"},"primaryImageOfPage":{"@id":"https:\/\/groupemitchell.com\/fr\/hypotheque\/#primaryimage"},"image":{"@id":"https:\/\/groupemitchell.com\/fr\/hypotheque\/#primaryimage"},"thumbnailUrl":"https:\/\/groupemitchell.com\/wp-content\/uploads\/2022\/03\/montreal-night.jpeg","datePublished":"2022-10-17T20:29:15+00:00","dateModified":"2024-06-04T20:32:18+00:00","inLanguage":"fr-FR","potentialAction":[{"@type":"ReadAction","target":["https:\/\/groupemitchell.com\/fr\/hypotheque\/"]}]},{"@type":"ImageObject","inLanguage":"fr-FR","@id":"https:\/\/groupemitchell.com\/fr\/hypotheque\/#primaryimage","url":"https:\/\/groupemitchell.com\/wp-content\/uploads\/2022\/03\/montreal-night.jpeg","contentUrl":"https:\/\/groupemitchell.com\/wp-content\/uploads\/2022\/03\/montreal-night.jpeg","width":2048,"height":1152},{"@type":"WebSite","@id":"https:\/\/groupemitchell.com\/fr\/#website","url":"https:\/\/groupemitchell.com\/fr\/","name":"Mitchell Group","description":"Agence Immobili\u00e8re l\u2019Ouest de l&#039;\u00cele Montr\u00e9al","potentialAction":[{"@type":"SearchAction","target":{"@type":"EntryPoint","urlTemplate":"https:\/\/groupemitchell.com\/fr\/?s={search_term_string}"},"query-input":{"@type":"PropertyValueSpecification","valueRequired":true,"valueName":"search_term_string"}}],"inLanguage":"fr-FR"}]}},"_links":{"self":[{"href":"https:\/\/groupemitchell.com\/fr\/wp-json\/wp\/v2\/pages\/4912","targetHints":{"allow":["GET"]}}],"collection":[{"href":"https:\/\/groupemitchell.com\/fr\/wp-json\/wp\/v2\/pages"}],"about":[{"href":"https:\/\/groupemitchell.com\/fr\/wp-json\/wp\/v2\/types\/page"}],"author":[{"embeddable":true,"href":"https:\/\/groupemitchell.com\/fr\/wp-json\/wp\/v2\/users\/6"}],"replies":[{"embeddable":true,"href":"https:\/\/groupemitchell.com\/fr\/wp-json\/wp\/v2\/comments?post=4912"}],"version-history":[{"count":4,"href":"https:\/\/groupemitchell.com\/fr\/wp-json\/wp\/v2\/pages\/4912\/revisions"}],"predecessor-version":[{"id":5510,"href":"https:\/\/groupemitchell.com\/fr\/wp-json\/wp\/v2\/pages\/4912\/revisions\/5510"}],"wp:featuredmedia":[{"embeddable":true,"href":"https:\/\/groupemitchell.com\/fr\/wp-json\/wp\/v2\/media\/3695"}],"wp:attachment":[{"href":"https:\/\/groupemitchell.com\/fr\/wp-json\/wp\/v2\/media?parent=4912"}],"curies":[{"name":"wp","href":"https:\/\/api.w.org\/{rel}","templated":true}]}}